{"id":37,"date":"2023-04-24T13:57:24","date_gmt":"2023-04-24T13:57:24","guid":{"rendered":"https:\/\/ladyrugs.com\/?page_id=37"},"modified":"2024-12-19T02:08:43","modified_gmt":"2024-12-19T02:08:43","slug":"home","status":"publish","type":"page","link":"https:\/\/ladyrugs.com\/","title":{"rendered":"Home"},"content":{"rendered":"<div class=\"brz-root__container brz-reset-all brz\">{{ brizy_dc_global_blocks position=&#8217;top&#8217; }}<\/p>\n<section id=\"{{placeholder content='e3sgcmFuZG9tX2lkIH19' key='aanodetfiizapzarpvznonjlbqlgcvvnoywg'}}_aanodetfiizapzarpvznonjlbqlgcvvnoywg\" class=\"brz-section brz-css-rjdfv brz-css-bl4Qz\">\n<div class=\"brz-section__content brz-section--boxed brz-css-yKqf0 brz-css-yIQLC\" data-brz-custom-id=\"vzowomnrfkvqwoaesoxftrfnmqzjmcqsvrnb\">\n<div class=\"brz-bg\">\n<div class=\"brz-bg-image brz-bg-image-parallax\"><\/div>\n<div class=\"brz-bg-color\"><\/div>\n<\/div>\n<div class=\"brz-container brz-css-yA_iX brz-css-hdBmQ\">\n<div id=\"\" class=\"brz-css-ftcmd brz-wrapper\">\n<div class=\"brz-rich-text brz-rich-text__custom brz-css-adJAA\" data-brz-custom-id=\"cxsxnqqlxbhwaawdsmapwqdeazkmrndmsurd\">\n<div data-brz-translate-text=\"1\">\n<p class=\"brz-tp-lg-paragraph brz-css-iDlfy\" data-generated-css=\"brz-css-q0itp\" data-uniq-id=\"hCf5C\"><\/p>\n<p class=\"brz-tp-lg-paragraph brz-css-hSfS8\" data-generated-css=\"brz-css-jyx0l\" data-uniq-id=\"eDCwV\"><\/p>\n<p class=\"brz-fsft-lg-0 brz-fwdth-lg-100 brz-vfw-lg-400 brz-lh-lg-1_9 brz-ls-lg-0 brz-fw-lg-900 brz-fss-lg-px brz-fs-lg-50 brz-ft-google brz-ff-lato brz-tp-lg-empty brz-text-lg-center brz-tp-xs-empty brz-fs-xs-27 brz-fss-xs-px brz-fw-xs-800 brz-ls-xs-0 brz-lh-xs-1_6 brz-vfw-xs-400 brz-fwdth-xs-100 brz-fsft-xs-0 brz-css-e4kYS\" data-generated-css=\"brz-css-cBL0E\" data-uniq-id=\"f6wwK\"><em class=\"brz-italic-true brz-cp-color7\"> \u00bfListo para tener una Lady Rugs?<\/em><\/p>\n<p class=\"brz-tp-lg-paragraph brz-css-x2lOc\" data-generated-css=\"brz-css-rF0Wn\" data-uniq-id=\"bI41z\"><\/p>\n<p class=\"brz-tp-lg-paragraph brz-css-oHvJS\" data-generated-css=\"brz-css-u1vu9\" data-uniq-id=\"xmpNe\"><\/p>\n<\/div>\n<\/div>\n<\/div>\n<\/div>\n<\/div>\n<\/section>\n<section id=\"{{placeholder content='e3sgcmFuZG9tX2lkIH19' key='hjofyrrykjdaqrlirtfjozujsrtgmjcreymt'}}_hjofyrrykjdaqrlirtfjozujsrtgmjcreymt\" class=\"brz-section brz-css-rjdfv\">\n<div class=\"brz-section__content brz-section--boxed brz-css-yKqf0 brz-css-wMfOZ\" data-brz-custom-id=\"gnmnqtmoltmnchtxcriycbqbozijcsbwewwm\">\n<div class=\"brz-container brz-css-yA_iX\">\n<div id=\"\" class=\"brz-css-ftcmd brz-wrapper\">\n<div class=\"brz-rich-text brz-rich-text__custom brz-css-adJAA\" data-brz-custom-id=\"pdxyrgvnlbjpxzaizqrygisagrzcnqwlxdgd\">\n<div data-brz-translate-text=\"1\">\n<h1 class=\"brz-ls-lg-0_2 brz-fw-lg-700 brz-fss-lg-px brz-fs-lg-50 brz-ft-google brz-ff-lato brz-tp-lg-empty brz-lh-lg-1_3 brz-text-lg-center brz-css-i1B8E\" data-generated-css=\"brz-css-wWMec\" data-uniq-id=\"gDU2m\">\u00a1Piezas \u00fanicas para todos tus espacios!<\/h1>\n<\/div>\n<\/div>\n<\/div>\n<\/div>\n<\/div>\n<\/section>\n<section id=\"{{placeholder content='e3sgcmFuZG9tX2lkIH19' key='oibybykogdqhvnjfppojixjhubwzkxajzkka'}}_oibybykogdqhvnjfppojixjhubwzkxajzkka\" class=\"brz-section brz-css-rjdfv\">\n<div class=\"brz-section__content brz-section--boxed brz-css-yKqf0 brz-css-bjDhM\" data-brz-custom-id=\"kxywzaqssdkogfbacxjvjdepjciatfqiqsez\">\n<div class=\"brz-container brz-css-yA_iX\">\n<div class=\"brz-row__container brz-css-rny_F\" data-brz-custom-id=\"cwvmeuivcnkcvauecufarcxcvpwakfuuhbue\">\n<div class=\"brz-bg\"><\/div>\n<div class=\"brz-row brz-css-a6onV brz-css-tFhoi\">\n<div class=\"brz-columns brz-css-wIavp brz-css-emC4b\" data-brz-custom-id=\"jwihrgicvjrbekqcfgjxxtxtwindbvpwpjkh\">\n<div class=\"brz-bg\"><\/div>\n<div class=\"brz-column__items brz-css-uQuSi brz-css-eEEyC\">\n<div id=\"\" class=\"brz-css-ftcmd brz-wrapper\">\n<div class=\"brz-image brz-css-fbRgn\" data-brz-custom-id=\"nuQCv9L2LxtP\"><picture class=\"brz-picture brz-d-block brz-p-relative brz-css-i_hxR brz-css-yHBDt\"><source srcset=\"https:\/\/ladyrugs.com\/?brizy_media=wp-407a1033042bacb5f081a7d7d18b8567.png&amp;brizy_crop=original 1x, https:\/\/ladyrugs.com\/?brizy_media=wp-407a1033042bacb5f081a7d7d18b8567.png&amp;brizy_crop=original 2x\" media=\"(min-width: 992px)\"><source srcset=\"https:\/\/ladyrugs.com\/?brizy_media=wp-407a1033042bacb5f081a7d7d18b8567.png&amp;brizy_crop=original 1x, https:\/\/ladyrugs.com\/?brizy_media=wp-407a1033042bacb5f081a7d7d18b8567.png&amp;brizy_crop=original 2x\" media=\"(min-width: 768px)\"><img decoding=\"async\" class=\"brz-img\" srcset=\"https:\/\/ladyrugs.com\/?brizy_media=wp-407a1033042bacb5f081a7d7d18b8567.png&amp;brizy_crop=original 1x, https:\/\/ladyrugs.com\/?brizy_media=wp-407a1033042bacb5f081a7d7d18b8567.png&amp;brizy_crop=original 2x\" src=\"https:\/\/ladyrugs.com\/?brizy_media=wp-407a1033042bacb5f081a7d7d18b8567.png&amp;brizy_crop=original\" alt=\"{{placeholder content='e3sgYnJpenlfZGNfaW1hZ2VfYWx0IH19' imageSrc='wp-407a1033042bacb5f081a7d7d18b8567.png'}}\" draggable=\"false\" loading=\"lazy\"><\/picture><\/div>\n<\/div>\n<\/div>\n<\/div>\n<div class=\"brz-columns brz-css-wIavp brz-css-zs6Ox\" data-brz-custom-id=\"kasrsriajalumomndhjsaxoopyjnossmfjut\">\n<div class=\"brz-bg\"><\/div>\n<div class=\"brz-column__items brz-css-uQuSi brz-css-q2AzB\">\n<div id=\"\" class=\"brz-css-ftcmd brz-wrapper\">\n<div class=\"brz-rich-text brz-rich-text__custom brz-css-adJAA\" data-brz-custom-id=\"owxerqncugdsfxovreopiaxxpvmeodfctgom\">\n<div data-brz-translate-text=\"1\">\n<h2 class=\"brz-tp-lg-empty brz-ff-lato brz-ft-google brz-fs-lg-36 brz-fss-lg-px brz-fw-lg-700 brz-ls-lg-m_1_5 brz-lh-lg-1_3 brz-text-xs-center brz-css-sKtcx\" data-uniq-id=\"xr8NQ\" data-generated-css=\"brz-css-uWUrh\"><span class=\"brz-cp-color2\">Cu\u00e9ntame qu\u00e9 espacio tienes en mente, seguramente tengo una idea genial para ti.<\/span><\/h2>\n<\/div>\n<\/div>\n<\/div>\n<div id=\"\" class=\"brz-css-ftcmd brz-wrapper\">\n<div class=\"brz-rich-text brz-rich-text__custom brz-css-adJAA\" data-brz-custom-id=\"aauuioiteqperbobslunnbhesxikfldiqoha\">\n<div data-brz-translate-text=\"1\">\n<p class=\"brz-tp-lg-empty brz-ff-lato brz-ft-google brz-fs-lg-16 brz-fss-lg-px brz-fw-lg-400 brz-ls-lg-0 brz-lh-lg-1_9 brz-text-xs-center brz-css-uM7oS\" data-uniq-id=\"fwq8b\" data-generated-css=\"brz-css-enV7g\"><\/p>\n<\/div>\n<\/div>\n<\/div>\n<div id=\"\" class=\"brz-css-ftcmd brz-css-ncnOi brz-css-hF_FH brz-wrapper\">\n<div class=\"brz-spacer brz-css-xqijB brz-css-kSc1G\"><\/div>\n<\/div>\n<\/div>\n<\/div>\n<\/div>\n<\/div>\n<\/div>\n<\/div>\n<\/section>\n<section id=\"{{placeholder content='e3sgcmFuZG9tX2lkIH19' key='msojwfnksdkwcfdaovewhrxnrkgudmanivws'}}_msojwfnksdkwcfdaovewhrxnrkgudmanivws\" class=\"brz-section brz-css-rjdfv\">\n<div class=\"brz-section__content brz-section--boxed brz-css-yKqf0 brz-css-uZwiT\" data-brz-custom-id=\"egkuaemdnradmajzfeulyvgemikryeetqgmh\">\n<div class=\"brz-container brz-css-yA_iX\">\n<div id=\"\" class=\"brz-css-ftcmd brz-wrapper\">\n<div class=\"brz-rich-text brz-rich-text__custom brz-css-adJAA\" data-brz-custom-id=\"jgsvrlwxayfscmzpepwguoriecagxxofyugn\">\n<div data-brz-translate-text=\"1\">\n<h1 data-generated-css=\"brz-css-jurif\" data-uniq-id=\"pzzfa\" class=\"brz-tp-lg-empty brz-text-lg-center brz-ff-lato brz-ft-google brz-fs-lg-46 brz-fss-lg-px brz-fw-lg-700 brz-ls-lg-m_1_5 brz-lh-lg-1_3 brz-css-faSQw\"><span style=\"opacity: 1;\" class=\"brz-cp-color2\">\u00a1Atr\u00e9vete a tener una Lady Rugs!<\/span><\/h1>\n<\/div>\n<\/div>\n<\/div>\n<div id=\"\" class=\"brz-css-ftcmd brz-wrapper\">\n<div class=\"brz-rich-text brz-rich-text__custom brz-css-adJAA\" data-brz-custom-id=\"fluvlolvhbnjjfgghzyywraubxcxvfpixlxt\">\n<div data-brz-translate-text=\"1\">\n<p class=\"brz-tp-lg-empty brz-text-lg-center brz-ff-overpass brz-ft-google brz-fs-lg-16 brz-fss-lg-px brz-fw-lg-400 brz-ls-lg-0 brz-lh-lg-1_7 brz-css-zxM6k\" data-generated-css=\"brz-css-mYXF7\" data-uniq-id=\"xc4J7\"><span class=\"brz-cp-color2\" style=\"opacity: 1;\">Piezas \u00fanicas dise\u00f1adas y tejidas a mano.<\/span><\/p>\n<\/div>\n<\/div>\n<\/div>\n<\/div>\n<\/div>\n<\/section>\n<p>{{ brizy_dc_global_blocks position=&#8217;bottom&#8217; }}<\/p><\/div>\n<p>    <!-- version:1734574123 --><\/p>\n","protected":false},"excerpt":{"rendered":"<p>{{ brizy_dc_global_blocks position=&#8217;top&#8217; }} \u00bfListo para tener una Lady Rugs? \u00a1Piezas \u00fanicas para todos tus espacios! Cu\u00e9ntame qu\u00e9 espacio tienes en mente, seguramente tengo una idea genial para ti. \u00a1Atr\u00e9vete a tener una Lady Rugs! Piezas \u00fanicas dise\u00f1adas y tejidas a mano. {{ brizy_dc_global_blocks position=&#8217;bottom&#8217; }}<\/p>\n","protected":false},"author":1,"featured_media":0,"parent":0,"menu_order":0,"comment_status":"closed","ping_status":"closed","template":"brizy-blank-template.php","meta":{"footnotes":""},"class_list":["post-37","page","type-page","status-publish","hentry"],"_links":{"self":[{"href":"https:\/\/ladyrugs.com\/index.php\/wp-json\/wp\/v2\/pages\/37","targetHints":{"allow":["GET"]}}],"collection":[{"href":"https:\/\/ladyrugs.com\/index.php\/wp-json\/wp\/v2\/pages"}],"about":[{"href":"https:\/\/ladyrugs.com\/index.php\/wp-json\/wp\/v2\/types\/page"}],"author":[{"embeddable":true,"href":"https:\/\/ladyrugs.com\/index.php\/wp-json\/wp\/v2\/users\/1"}],"replies":[{"embeddable":true,"href":"https:\/\/ladyrugs.com\/index.php\/wp-json\/wp\/v2\/comments?post=37"}],"version-history":[{"count":30,"href":"https:\/\/ladyrugs.com\/index.php\/wp-json\/wp\/v2\/pages\/37\/revisions"}],"predecessor-version":[{"id":1102,"href":"https:\/\/ladyrugs.com\/index.php\/wp-json\/wp\/v2\/pages\/37\/revisions\/1102"}],"wp:attachment":[{"href":"https:\/\/ladyrugs.com\/index.php\/wp-json\/wp\/v2\/media?parent=37"}],"curies":[{"name":"wp","href":"https:\/\/api.w.org\/{rel}","templated":true}]}}