{"id":209,"date":"2023-04-21T15:46:51","date_gmt":"2023-04-21T15:46:51","guid":{"rendered":"https:\/\/ladyrugs.com\/?page_id=209"},"modified":"2024-12-17T02:47:11","modified_gmt":"2024-12-17T02:47:11","slug":"about-me-2","status":"publish","type":"page","link":"https:\/\/ladyrugs.com\/index.php\/about-me-2\/","title":{"rendered":"About me"},"content":{"rendered":"<div class=\"brz-root__container brz-reset-all brz\">{{ brizy_dc_global_blocks position=&#8217;top&#8217; }}<\/p>\n<section id=\"{{placeholder content='e3sgcmFuZG9tX2lkIH19' key='ptjbfnaisyyhbxiprmpzfzriotdzdupevhst'}}_ptjbfnaisyyhbxiprmpzfzriotdzdupevhst\" class=\"brz-section brz-css-pgB4z\">\n<div class=\"brz-section__content brz-section--boxed brz-css-fOvYX\" data-brz-custom-id=\"ooykoovuncnoktdwxvuygfcikikzbcixmiec\">\n<div class=\"brz-container brz-css-teel4\">\n<div class=\"brz-row__container brz-css-jANSm\" data-brz-custom-id=\"cccvxxdfmxygalmzpxgulnqutqgezrqqsdfd\">\n<div class=\"brz-bg\"><\/div>\n<div class=\"brz-row brz-css-mK_n2\">\n<div class=\"brz-columns brz-css-qoM9H brz-css-n7USE\" data-brz-custom-id=\"mpjmlmhpmkcoqpfkgylahpufbrrsakezebdt\">\n<div class=\"brz-bg\"><\/div>\n<div class=\"brz-column__items brz-css-xREz9\">\n<div id=\"\" class=\"brz-css-bLoUQ brz-wrapper\">\n<div class=\"brz-image brz-css-lfV39\" data-brz-custom-id=\"fseivprjxlbdvwuqxusbgqsssuzbwharjhum\"><picture class=\"brz-picture brz-d-block brz-p-relative brz-css-d8U7Q brz-css-uIi6m\"><source srcset=\"https:\/\/ladyrugs.com\/?brizy_media=wp-b9e76708fded8b8614fea63a57115196.jpeg&amp;brizy_crop=original 1x, https:\/\/ladyrugs.com\/?brizy_media=wp-b9e76708fded8b8614fea63a57115196.jpeg&amp;brizy_crop=original 2x\" media=\"(min-width: 992px)\"><source srcset=\"https:\/\/ladyrugs.com\/?brizy_media=wp-b9e76708fded8b8614fea63a57115196.jpeg&amp;brizy_crop=original 1x, https:\/\/ladyrugs.com\/?brizy_media=wp-b9e76708fded8b8614fea63a57115196.jpeg&amp;brizy_crop=original 2x\" media=\"(min-width: 768px)\"><img decoding=\"async\" class=\"brz-img\" srcset=\"https:\/\/ladyrugs.com\/?brizy_media=wp-b9e76708fded8b8614fea63a57115196.jpeg&amp;brizy_crop=original 1x, https:\/\/ladyrugs.com\/?brizy_media=wp-b9e76708fded8b8614fea63a57115196.jpeg&amp;brizy_crop=original 2x\" src=\"https:\/\/ladyrugs.com\/?brizy_media=wp-b9e76708fded8b8614fea63a57115196.jpeg&amp;brizy_crop=original\" alt=\"{{placeholder content='e3sgYnJpenlfZGNfaW1hZ2VfYWx0IH19' imageSrc='wp-b9e76708fded8b8614fea63a57115196.jpeg'}}\" draggable=\"false\" loading=\"lazy\"><\/picture><\/div>\n<\/div>\n<\/div>\n<\/div>\n<div class=\"brz-columns brz-css-qoM9H brz-css-x3vw4\" data-brz-custom-id=\"vskaqoexexdzvucvbmghdrgmewloookmmcnu\">\n<div class=\"brz-bg\"><\/div>\n<div class=\"brz-column__items brz-css-xREz9\">\n<div class=\"brz-row__container brz-css-jANSm\" data-brz-custom-id=\"rblopjeeurpgmsuoemeeqtjtixhxleglppda\">\n<div class=\"brz-bg\"><\/div>\n<div class=\"brz-row brz-row--inner brz-css-mK_n2\">\n<div class=\"brz-columns brz-css-qoM9H brz-css-vtkj1\" data-brz-custom-id=\"gnddgogeeyxfvlkaqavejoesvpefgzhxpxvp\">\n<div class=\"brz-bg\"><\/div>\n<div class=\"brz-column__items brz-css-xREz9\">\n<div id=\"\" class=\"brz-css-bLoUQ brz-wrapper\">\n<div class=\"brz-rich-text brz-rich-text__custom brz-css-pX6jJ\" data-brz-custom-id=\"ktokzvwwelhdqzlcjsgtjzypfpfsctbvrusg\">\n<div data-brz-translate-text=\"1\">\n<p class=\"brz-tp-lg-empty brz-ff-lato brz-ft-google brz-fs-lg-17 brz-fss-lg-px brz-fw-lg-400 brz-ls-lg-0 brz-lh-lg-1_8 brz-text-lg-justify brz-css-sntEK\" data-generated-css=\"brz-css-xilny\" data-uniq-id=\"dydet\"><strong class=\"brz-cp-color2\" style=\"opacity: 1;\"> \u00a1Hola!<\/strong><\/p>\n<\/div>\n<\/div>\n<\/div>\n<\/div>\n<\/div>\n<\/div>\n<\/div>\n<div class=\"brz-row__container brz-css-jANSm\" data-brz-custom-id=\"yreyrphanynipewniluqtnzxcqwsfwbauwzr\">\n<div class=\"brz-bg\"><\/div>\n<div class=\"brz-row brz-row--inner brz-css-mK_n2 brz-css-gzyQo\">\n<div class=\"brz-columns brz-css-qoM9H brz-css-gp7Ok\" data-brz-custom-id=\"lpljoenuvntmjzdwhydjcmytxizghbegnnve\">\n<div class=\"brz-bg\"><\/div>\n<div class=\"brz-column__items brz-css-xREz9\">\n<div id=\"\" class=\"brz-css-bLoUQ brz-wrapper\">\n<div class=\"brz-rich-text brz-rich-text__custom brz-css-pX6jJ\" data-brz-custom-id=\"svzfdpdfagdyluxnyxzfzokodovhqklgxiwc\">\n<div data-brz-translate-text=\"1\">\n<p class=\"brz-tp-lg-paragraph brz-lh-lg-1_9 brz-ls-lg-0 brz-fw-lg-400 brz-fss-lg-px brz-fs-lg-16 brz-ft-google brz-ff-lato brz-css-om7Rk\" data-generated-css=\"brz-css-wme8N\" data-uniq-id=\"iN7KL\"><span class=\"brz-cp-color2\" style=\"opacity: 1;\">Soy Sagrario H., la artista textil detr\u00e1s de Lady Rugs. Lo que mejor define lo que hago es conocido como arte funcional, mi objetivo es dise\u00f1ar y tejer piezas \u00fanicas que decoren y den vida a cada espacio. Cada proyecto y cada pieza son pensadas y hechas con much\u00edsimo amor, me fascina crear, es mi verdadera pasi\u00f3n.<\/span><\/p>\n<p class=\"brz-tp-lg-paragraph brz-lh-lg-1_9 brz-ls-lg-0 brz-fw-lg-400 brz-fss-lg-px brz-fs-lg-16 brz-ft-google brz-ff-lato brz-css-ssITC\" data-generated-css=\"brz-css-nMsHI\" data-uniq-id=\"bXGZJ\"><\/p>\n<p class=\"brz-tp-lg-paragraph brz-lh-lg-1_9 brz-ls-lg-0 brz-fw-lg-400 brz-fss-lg-px brz-fs-lg-16 brz-ft-google brz-ff-lato brz-css-qk_ib\" data-generated-css=\"brz-css-spJBV\" data-uniq-id=\"yBK8B\"><span class=\"brz-cp-color2\" style=\"opacity: 1;\">Mi inspiraci\u00f3n principal proviene de la naturaleza, sus formas, texturas y patrones. Me encanta mezclar diferentes t\u00e9cnicas, tal como: pistola de tufting, herramienta manual para hacer bucles, tejido con aguja, entre otras. Cada creaci\u00f3n es una oportunidad emocionante para experimentar con nuevas t\u00e9cnicas y conseguir acabados \u00fanicos que transmitan de la mejor manera la idea principal.<\/span><\/p>\n<p class=\"brz-tp-lg-paragraph brz-lh-lg-1_9 brz-ls-lg-0 brz-fw-lg-400 brz-fss-lg-px brz-fs-lg-16 brz-ft-google brz-ff-lato brz-css-jHugz\" data-generated-css=\"brz-css-qMqeA\" data-uniq-id=\"eeWN6\"><\/p>\n<p class=\"brz-tp-lg-paragraph brz-lh-lg-1_9 brz-ls-lg-0 brz-fw-lg-400 brz-fss-lg-px brz-fs-lg-16 brz-ft-google brz-ff-lato brz-css-orD6D\" data-generated-css=\"brz-css-dzqZD\" data-uniq-id=\"pxZgf\"><span class=\"brz-cp-color2\" style=\"opacity: 1;\">La creaci\u00f3n de piezas textiles es mi forma de expresarme, me emociona compartir mi arte contigo. <\/span><\/p>\n<\/div>\n<\/div>\n<\/div>\n<\/div>\n<\/div>\n<\/div>\n<\/div>\n<\/div>\n<\/div>\n<\/div>\n<\/div>\n<\/div>\n<\/div>\n<\/section>\n<p>{{ brizy_dc_global_blocks position=&#8217;bottom&#8217; }}<\/p><\/div>\n<p>    <!-- version:1734403631 --><\/p>\n","protected":false},"excerpt":{"rendered":"<p>{{ brizy_dc_global_blocks position=&#8217;top&#8217; }} \u00a1Hola! Soy Sagrario H., la artista textil detr\u00e1s de Lady Rugs. Lo que mejor define lo que hago es conocido como arte funcional, mi objetivo es dise\u00f1ar y tejer piezas \u00fanicas que decoren y den vida a cada espacio. Cada proyecto y cada pieza son pensadas y hechas con much\u00edsimo amor, <a href=\"https:\/\/ladyrugs.com\/index.php\/about-me-2\/\" class=\"more-link\">&#8230;<span class=\"screen-reader-text\">  About me<\/span><\/a><\/p>\n","protected":false},"author":1,"featured_media":0,"parent":0,"menu_order":0,"comment_status":"closed","ping_status":"closed","template":"brizy-blank-template.php","meta":{"footnotes":""},"class_list":["post-209","page","type-page","status-publish","hentry"],"_links":{"self":[{"href":"https:\/\/ladyrugs.com\/index.php\/wp-json\/wp\/v2\/pages\/209","targetHints":{"allow":["GET"]}}],"collection":[{"href":"https:\/\/ladyrugs.com\/index.php\/wp-json\/wp\/v2\/pages"}],"about":[{"href":"https:\/\/ladyrugs.com\/index.php\/wp-json\/wp\/v2\/types\/page"}],"author":[{"embeddable":true,"href":"https:\/\/ladyrugs.com\/index.php\/wp-json\/wp\/v2\/users\/1"}],"replies":[{"embeddable":true,"href":"https:\/\/ladyrugs.com\/index.php\/wp-json\/wp\/v2\/comments?post=209"}],"version-history":[{"count":17,"href":"https:\/\/ladyrugs.com\/index.php\/wp-json\/wp\/v2\/pages\/209\/revisions"}],"predecessor-version":[{"id":1107,"href":"https:\/\/ladyrugs.com\/index.php\/wp-json\/wp\/v2\/pages\/209\/revisions\/1107"}],"wp:attachment":[{"href":"https:\/\/ladyrugs.com\/index.php\/wp-json\/wp\/v2\/media?parent=209"}],"curies":[{"name":"wp","href":"https:\/\/api.w.org\/{rel}","templated":true}]}}